{"id":91,"date":"2025-04-01T09:09:38","date_gmt":"2025-04-01T09:09:38","guid":{"rendered":"https:\/\/gksm2026.com\/?page_id=91"},"modified":"2025-10-14T11:56:17","modified_gmt":"2025-10-14T11:56:17","slug":"comite-organizador","status":"publish","type":"page","link":"https:\/\/gksm2026.com\/?page_id=91","title":{"rendered":"Comit\u00e9 organizador"},"content":{"rendered":"<div data-colibri-id=\"91-c1\" class=\"style-510 style-local-91-c1 position-relative\">\n  <!----><\/p>\n<div data-colibri-component=\"section\" data-colibri-id=\"91-c2\" id=\"initial-content\" class=\"h-section h-section-global-spacing d-flex align-items-lg-center align-items-md-center align-items-center style-511 style-local-91-c2 position-relative\">\n    <!----><br \/>\n    <!----><\/p>\n<div class=\"h-section-grid-container h-section-boxed-container\">\n      <!----><\/p>\n<div data-colibri-id=\"91-c3\" class=\"h-row-container gutters-row-lg-2 gutters-row-md-2 gutters-row-0 gutters-row-v-lg-2 gutters-row-v-md-2 gutters-row-v-2 style-512 style-local-91-c3 position-relative\">\n        <!----><\/p>\n<div class=\"h-row justify-content-lg-center justify-content-md-center justify-content-center align-items-lg-stretch align-items-md-stretch align-items-stretch gutters-col-lg-2 gutters-col-md-2 gutters-col-0 gutters-col-v-lg-2 gutters-col-v-md-2 gutters-col-v-2\">\n          <!----><\/p>\n<div class=\"h-column h-column-container d-flex h-col-lg-auto h-col-md-auto h-col-auto style-513-outer style-local-91-c4-outer\">\n<div data-colibri-id=\"91-c4\" class=\"d-flex h-flex-basis h-column__inner h-px-lg-2 h-px-md-2 h-px-2 v-inner-lg-2 v-inner-md-2 v-inner-2 style-513 style-local-91-c4 position-relative\">\n              <!----><br \/>\n              <!----><\/p>\n<div class=\"w-100 h-y-container h-column__content h-column__v-align flex-basis-100 align-self-lg-start align-self-md-start align-self-start\">\n                <!----><\/p>\n<div data-colibri-id=\"91-c5\" data-aos=\"fadeInUp\" class=\"style-514 style-local-91-c5 position-relative h-element\">\n                  <!----><\/p>\n<div>\n\n\n<p class=\"has-text-align-center\">Antonio Maestro Fern\u00e1ndez <br>Luis Rodr\u00edguez L\u00f3pez <br>Iv\u00e1n Pipa Mu\u00f1iz <br>Carmen Toyos Munarriz <br>Roi Castro Mu\u00f1oz <br>Santiago Maestro Rodr\u00edguez<\/p>\n\n\n<\/div><\/div>\n<\/p><\/div>\n<\/p><\/div>\n<\/p><\/div>\n<\/p><\/div>\n<\/p><\/div>\n<\/p><\/div>\n<\/p><\/div>\n<\/div>","protected":false},"excerpt":{"rendered":"<p>Antonio Maestro Fern\u00e1ndez Luis Rodr\u00edguez L\u00f3pez Iv\u00e1n Pipa Mu\u00f1iz Carmen Toyos Munarriz Roi Castro Mu\u00f1oz Santiago Maestro Rodr\u00edguez<\/p>\n","protected":false},"author":1,"featured_media":0,"parent":0,"menu_order":0,"comment_status":"closed","ping_status":"closed","template":"page-templates\/full-width-page.php","meta":{"_themeisle_gutenberg_block_has_review":false,"footnotes":""},"class_list":["post-91","page","type-page","status-publish","hentry"],"_links":{"self":[{"href":"https:\/\/gksm2026.com\/index.php?rest_route=\/wp\/v2\/pages\/91","targetHints":{"allow":["GET"]}}],"collection":[{"href":"https:\/\/gksm2026.com\/index.php?rest_route=\/wp\/v2\/pages"}],"about":[{"href":"https:\/\/gksm2026.com\/index.php?rest_route=\/wp\/v2\/types\/page"}],"author":[{"embeddable":true,"href":"https:\/\/gksm2026.com\/index.php?rest_route=\/wp\/v2\/users\/1"}],"replies":[{"embeddable":true,"href":"https:\/\/gksm2026.com\/index.php?rest_route=%2Fwp%2Fv2%2Fcomments&post=91"}],"version-history":[{"count":4,"href":"https:\/\/gksm2026.com\/index.php?rest_route=\/wp\/v2\/pages\/91\/revisions"}],"predecessor-version":[{"id":1052,"href":"https:\/\/gksm2026.com\/index.php?rest_route=\/wp\/v2\/pages\/91\/revisions\/1052"}],"wp:attachment":[{"href":"https:\/\/gksm2026.com\/index.php?rest_route=%2Fwp%2Fv2%2Fmedia&parent=91"}],"curies":[{"name":"wp","href":"https:\/\/api.w.org\/{rel}","templated":true}]}}